{"id":13,"date":"2022-02-21T22:59:57","date_gmt":"2022-02-21T22:59:57","guid":{"rendered":"https:\/\/grupomirassol.com.br\/cotar\/?page_id=13"},"modified":"2025-04-10T15:08:25","modified_gmt":"2025-04-10T15:08:25","slug":"13-2","status":"publish","type":"page","link":"https:\/\/grupomirassol.com.br\/cotar\/","title":{"rendered":"Fa\u00e7a uma cota\u00e7\u00e3o"},"content":{"rendered":"<p>[et_pb_section fb_built=&#8221;1&#8243; admin_label=&#8221;Header&#8221; _builder_version=&#8221;4.14.8&#8243; _module_preset=&#8221;default&#8221; background_enable_color=&#8221;off&#8221; background_image=&#8221;https:\/\/grupomirassol.com.br\/cotar\/wp-content\/uploads\/2022\/03\/img-scaled.jpg&#8221; background_position=&#8221;bottom_center&#8221; custom_padding=&#8221;1vw||0px||false|false&#8221; bottom_divider_height=&#8221;0vw&#8221; locked=&#8221;off&#8221; global_colors_info=&#8221;{%22gcid-af512a5f-530a-4e80-bfc4-3632d9174c8b%22:%91%93,%22gcid-4c4817dc-5fff-48ae-ad50-dfdb1eabb775%22:%91%93}&#8221;][et_pb_row column_structure=&#8221;1_2,1_2&#8243; _builder_version=&#8221;4.14.8&#8243; _module_preset=&#8221;default&#8221; custom_margin=&#8221;0px||0px||false|false&#8221; global_colors_info=&#8221;{}&#8221;][et_pb_column type=&#8221;1_2&#8243; _builder_version=&#8221;4.9.4&#8243; _module_preset=&#8221;default&#8221; global_colors_info=&#8221;{}&#8221;][et_pb_image src=&#8221;https:\/\/grupomirassol.com.br\/cotar\/wp-content\/uploads\/2024\/02\/logo.png&#8221; title_text=&#8221;logo&#8221; _builder_version=&#8221;4.14.8&#8243; _module_preset=&#8221;default&#8221; width=&#8221;30%&#8221; max_width=&#8221;60%&#8221; global_colors_info=&#8221;{}&#8221;][\/et_pb_image][et_pb_divider show_divider=&#8221;off&#8221; _builder_version=&#8221;4.14.8&#8243; _module_preset=&#8221;default&#8221; custom_margin=&#8221;58px||||false|false&#8221; global_colors_info=&#8221;{}&#8221;][\/et_pb_divider][et_pb_text _builder_version=&#8221;4.14.8&#8243; _module_preset=&#8221;b3e3ff14-5f5c-4608-8ecf-1885ce3da7aa&#8221; text_font=&#8221;Hind||||||||&#8221; text_text_color=&#8221;#FFFFFF&#8221; text_font_size=&#8221;5px&#8221; header_font=&#8221;Hind||||||||&#8221; header_text_color=&#8221;#FFFFFF&#8221; header_font_size=&#8221;31px&#8221; header_line_height=&#8221;1.1em&#8221; background_layout=&#8221;dark&#8221; custom_margin=&#8221;||-21px||false|false&#8221; custom_padding=&#8221;||0px|||&#8221; animation_style=&#8221;fade&#8221; header_font_size_tablet=&#8221;40px&#8221; header_font_size_phone=&#8221;24px&#8221; header_font_size_last_edited=&#8221;on|desktop&#8221; global_colors_info=&#8221;{}&#8221;]<\/p>\n<h1>INTEGRANDO VALORES<\/h1>\n<h1>A RESULTADOS<\/h1>\n<p>&nbsp;<\/p>\n<p>[\/et_pb_text][et_pb_divider color=&#8221;#f5a101&#8243; divider_weight=&#8221;5px&#8221; _builder_version=&#8221;4.14.8&#8243; _module_preset=&#8221;default&#8221; background_color=&#8221;RGBA(255,255,255,0)&#8221; max_width=&#8221;50px&#8221; custom_margin=&#8221;||0px||false|false&#8221; global_colors_info=&#8221;{}&#8221;][\/et_pb_divider][\/et_pb_column][et_pb_column type=&#8221;1_2&#8243; _builder_version=&#8221;4.14.8&#8243; _module_preset=&#8221;default&#8221; background_color=&#8221;#FFFFFF&#8221; custom_padding=&#8221;100px|60px|100px|60px|true|true&#8221; custom_padding_tablet=&#8221;40px|30px|40px|30px|true|true&#8221; custom_padding_phone=&#8221;|20px||20px|true|true&#8221; custom_padding_last_edited=&#8221;on|phone&#8221; global_colors_info=&#8221;{}&#8221;][dvppl_cf7_styler use_form_header=&#8221;on&#8221; form_header_title=&#8221;PE\u00c7A SUA COTA\u00c7\u00c3O&#8221; form_header_bg=&#8221;RGBA(255,255,255,0)&#8221; form_header_padding=&#8221;0px|0px|0px|0px|false|false&#8221; form_header_img_bg=&#8221;RGBA(255,255,255,0)&#8221; form_bg=&#8221;RGBA(255,255,255,0)&#8221; form_padding=&#8221;0px|0px|0px|0px|true|false&#8221; use_form_button_fullwidth=&#8221;on&#8221; cf7=&#8221;97&#8243; form_field_height=&#8221;54px&#8221; form_background_color=&#8221;#f9f9f9&#8243; form_field_active_color=&#8221;#E09900&#8243; form_field_spacing=&#8221;25px&#8221; cr_custom_styles=&#8221;on&#8221; cr_size=&#8221;24px&#8221; cr_background_color=&#8221;#FFFFFF&#8221; cr_selected_color=&#8221;#000000&#8243; cr_border_color=&#8221;#000000&#8243; cr_label_color=&#8221;#000000&#8243; cf7_message_padding=&#8221;10px&#8221; cf7_message_margin_top=&#8221;10px&#8221; cf7_message_alignment=&#8221;center&#8221; cf7_message_color=&#8221;#FFFFFF&#8221; cf7_message_bg_color=&#8221;#f49200&#8243; cf7_border_highlight_color=&#8221;RGBA(255,255,255,0)&#8221; cf7_success_message_color=&#8221;#FFFFFF&#8221; cf7_success_message_bg_color=&#8221;#26e25b&#8221; cf7_success_border_color=&#8221;RGBA(255,255,255,0)&#8221; cf7_error_message_color=&#8221;#FFFFFF&#8221; cf7_error_message_bg_color=&#8221;#E02B20&#8243; cf7_error_border_color=&#8221;RGBA(255,255,255,0)&#8221; form_header_padding_tablet=&#8221;0px|0px|0px|0px|false|false&#8221; form_header_padding_phone=&#8221;0px|0px|0px|0px|false|false&#8221; form_header_padding_last_edited=&#8221;on|phone&#8221; _builder_version=&#8221;4.14.8&#8243; _module_preset=&#8221;default&#8221; form_field_font_font=&#8221;Hind||||||||&#8221; form_field_font_text_align=&#8221;left&#8221; form_field_font_text_color=&#8221;#000000&#8243; form_field_font_font_size=&#8221;16px&#8221; title_font=&#8221;Hind|600|||||||&#8221; title_text_color=&#8221;#f49200&#8243; title_font_size=&#8221;29px&#8221; text_font=&#8221;Hind|500|||||||&#8221; text_text_color=&#8221;#000000&#8243; text_font_size=&#8221;12px&#8221; background_color=&#8221;RGBA(255,255,255,0)&#8221; custom_submit_button=&#8221;on&#8221; submit_button_text_size=&#8221;22px&#8221; submit_button_bg_color=&#8221;#f49200&#8243; submit_button_border_width=&#8221;0px&#8221; submit_button_border_radius=&#8221;0px&#8221; submit_button_font=&#8221;Hind|500|||||||&#8221; submit_button_custom_margin=&#8221;0px||||false|false&#8221; custom_margin=&#8221;0px||||false|false&#8221; custom_padding=&#8221;0px||||false|false&#8221; animation_style=&#8221;fade&#8221; border_color_all=&#8221;#FFFFFF&#8221; global_colors_info=&#8221;{}&#8221;][\/dvppl_cf7_styler][\/et_pb_column][\/et_pb_row][\/et_pb_section][et_pb_section fb_built=&#8221;1&#8243; _builder_version=&#8221;4.14.8&#8243; _module_preset=&#8221;default&#8221; global_colors_info=&#8221;{}&#8221;][et_pb_row use_custom_gutter=&#8221;on&#8221; gutter_width=&#8221;4&#8243; make_equal=&#8221;on&#8221; disabled_on=&#8221;on|off|off&#8221; _builder_version=&#8221;4.14.8&#8243; _module_preset=&#8221;default&#8221; width=&#8221;100%&#8221; custom_margin=&#8221;0px||0px||false|false&#8221; global_colors_info=&#8221;{}&#8221;][et_pb_column type=&#8221;4_4&#8243; _builder_version=&#8221;4.14.8&#8243; _module_preset=&#8221;default&#8221; custom_padding=&#8221;0px|0px|0px|0px|false|false&#8221; global_colors_info=&#8221;{}&#8221;][et_pb_image src=&#8221;https:\/\/grupomirassol.com.br\/cotar\/wp-content\/uploads\/2025\/04\/logos-2.png&#8221; title_text=&#8221;logos&#8221; _builder_version=&#8221;4.14.8&#8243; _module_preset=&#8221;default&#8221; hover_enabled=&#8221;0&#8243; global_colors_info=&#8221;{}&#8221; sticky_enabled=&#8221;0&#8243;][\/et_pb_image][\/et_pb_column][\/et_pb_row][et_pb_row disabled_on=&#8221;off|on|on&#8221; _builder_version=&#8221;4.14.8&#8243; _module_preset=&#8221;default&#8221; global_colors_info=&#8221;{}&#8221;][et_pb_column type=&#8221;4_4&#8243; _builder_version=&#8221;4.14.8&#8243; _module_preset=&#8221;default&#8221; global_colors_info=&#8221;{}&#8221;][et_pb_image src=&#8221;https:\/\/grupomirassol.com.br\/cotar\/wp-content\/uploads\/2025\/04\/mobile.png&#8221; title_text=&#8221;mobile&#8221; align=&#8221;center&#8221; force_fullwidth=&#8221;on&#8221; src_tablet=&#8221;https:\/\/grupomirassol.com.br\/cotar\/wp-content\/uploads\/2025\/04\/logos-mob.jpg&#8221; src_phone=&#8221;https:\/\/grupomirassol.com.br\/cotar\/wp-content\/uploads\/2025\/04\/logos-mob.jpg&#8221; src_last_edited=&#8221;on|phone&#8221; _builder_version=&#8221;4.14.8&#8243; _module_preset=&#8221;default&#8221; min_height_tablet=&#8221;&#8221; min_height_phone=&#8221;100px&#8221; min_height_last_edited=&#8221;on|phone&#8221; height=&#8221;100px&#8221; hover_enabled=&#8221;0&#8243; global_colors_info=&#8221;{}&#8221; sticky_enabled=&#8221;0&#8243;][\/et_pb_image][\/et_pb_column][\/et_pb_row][\/et_pb_section]<\/p>\n","protected":false},"excerpt":{"rendered":"<p>INTEGRANDO VALORES A RESULTADOS &nbsp;<div class=\"et_pb_module dvppl_cf7_styler dvppl_cf7_styler_0\">\n\t\t\t\t\n\t\t\t\t\n\t\t\t\t\n\t\t\t\t\n\t\t\t\t<div class=\"et_pb_module_inner\">\n\t\t\t\t\t<div class=\"dipe-cf7-container dipe-cf7-button-left\">\n\t\t\t\t\n\t\t\t\t<div class=\"dipe-cf7 dipe-cf7-styler \">\n\t\t\t\t\t<p class=\"wpcf7-contact-form-not-found\"><strong>Erro:<\/strong> Formul\u00e1rio de contacto n\u00e3o encontrado.<\/p>\n\t\t\t\t<\/div>\n\t\t\t<\/div>\n\t\t\t\t<\/div>\n\t\t\t<\/div><\/p>\n","protected":false},"author":1,"featured_media":0,"parent":0,"menu_order":0,"comment_status":"closed","ping_status":"closed","template":"","meta":{"_et_pb_use_builder":"on","_et_pb_old_content":"","_et_gb_content_width":"","_monsterinsights_skip_tracking":false,"_monsterinsights_sitenote_active":false,"_monsterinsights_sitenote_note":"","_monsterinsights_sitenote_category":0,"footnotes":""},"class_list":["post-13","page","type-page","status-publish","hentry"],"aioseo_notices":[],"_links":{"self":[{"href":"https:\/\/grupomirassol.com.br\/cotar\/wp-json\/wp\/v2\/pages\/13","targetHints":{"allow":["GET"]}}],"collection":[{"href":"https:\/\/grupomirassol.com.br\/cotar\/wp-json\/wp\/v2\/pages"}],"about":[{"href":"https:\/\/grupomirassol.com.br\/cotar\/wp-json\/wp\/v2\/types\/page"}],"author":[{"embeddable":true,"href":"https:\/\/grupomirassol.com.br\/cotar\/wp-json\/wp\/v2\/users\/1"}],"replies":[{"embeddable":true,"href":"https:\/\/grupomirassol.com.br\/cotar\/wp-json\/wp\/v2\/comments?post=13"}],"version-history":[{"count":54,"href":"https:\/\/grupomirassol.com.br\/cotar\/wp-json\/wp\/v2\/pages\/13\/revisions"}],"predecessor-version":[{"id":4273,"href":"https:\/\/grupomirassol.com.br\/cotar\/wp-json\/wp\/v2\/pages\/13\/revisions\/4273"}],"wp:attachment":[{"href":"https:\/\/grupomirassol.com.br\/cotar\/wp-json\/wp\/v2\/media?parent=13"}],"curies":[{"name":"wp","href":"https:\/\/api.w.org\/{rel}","templated":true}]}}